{"id":23571,"date":"2022-11-21T12:22:15","date_gmt":"2022-11-21T11:22:15","guid":{"rendered":"https:\/\/www.cideyeg.es\/politique-qualite-et-environnement\/"},"modified":"2025-03-03T17:01:44","modified_gmt":"2025-03-03T16:01:44","slug":"politique-qualite-et-environnement","status":"publish","type":"page","link":"https:\/\/www.cideyeg.es\/fr\/politique-qualite-et-environnement\/","title":{"rendered":"Politique de qualit\u00e9 et environnementale"},"content":{"rendered":"\t\t<div data-elementor-type=\"wp-page\" data-elementor-id=\"23571\" class=\"elementor elementor-23571 elementor-23528\">\n\t\t\t\t\t\t<section class=\"elementor-section elementor-top-section elementor-element elementor-element-2a3c180c elementor-section-boxed elementor-section-height-default elementor-section-height-default parallax_section_no qode_elementor_container_no\" data-id=\"2a3c180c\" data-element_type=\"section\">\n\t\t\t\t\t\t<div class=\"elementor-container elementor-column-gap-default\">\n\t\t\t\t\t<div class=\"elementor-column elementor-col-100 elementor-top-column elementor-element elementor-element-4ce01d82\" data-id=\"4ce01d82\" data-element_type=\"column\">\n\t\t\t<div class=\"elementor-widget-wrap elementor-element-populated\">\n\t\t\t\t\t\t<div class=\"elementor-element elementor-element-b3ec249 elementor-widget elementor-widget-text-editor\" data-id=\"b3ec249\" data-element_type=\"widget\" data-widget_type=\"text-editor.default\">\n\t\t\t\t<div class=\"elementor-widget-container\">\n\t\t\t<style>\/*! elementor - v3.20.0 - 11-03-2024 *\/\n.elementor-widget-text-editor.elementor-drop-cap-view-stacked .elementor-drop-cap{background-color:#69727d;color:#fff}.elementor-widget-text-editor.elementor-drop-cap-view-framed .elementor-drop-cap{color:#69727d;border:3px solid;background-color:transparent}.elementor-widget-text-editor:not(.elementor-drop-cap-view-default) .elementor-drop-cap{margin-top:8px}.elementor-widget-text-editor:not(.elementor-drop-cap-view-default) .elementor-drop-cap-letter{width:1em;height:1em}.elementor-widget-text-editor .elementor-drop-cap{float:left;text-align:center;line-height:1;font-size:50px}.elementor-widget-text-editor .elementor-drop-cap-letter{display:inline-block}<\/style>\t\t\t\t<h2>Politique de qualit\u00e9 et environnementale<\/h2>\n\t\t\t\t\t\t<\/div>\n\t\t\t\t<\/div>\n\t\t\t\t<div class=\"elementor-element elementor-element-1b7c756a elementor-widget elementor-widget-text-editor\" data-id=\"1b7c756a\" data-element_type=\"widget\" data-widget_type=\"text-editor.default\">\n\t\t\t\t<div class=\"elementor-widget-container\">\n\t\t\t\t\t\t\t<p><strong>CIDEYEG, S.A.<\/strong> est une entreprise d\u00e9di\u00e9e \u00e0 la production <strong>de cartons, d&rsquo;\u00e9tiquettes, de d\u00e9pliants et d&#8217;emballages en carton ou en plastique avec impression offset<\/strong>.<\/p>\t\t\t\t\t\t<\/div>\n\t\t\t\t<\/div>\n\t\t\t\t<div class=\"elementor-element elementor-element-2edc8409 elementor-widget elementor-widget-text-editor\" data-id=\"2edc8409\" data-element_type=\"widget\" data-widget_type=\"text-editor.default\">\n\t\t\t\t<div class=\"elementor-widget-container\">\n\t\t\t\t\t\t\t<p>Notre <strong>vision<\/strong> est de rechercher l&rsquo;<strong>am\u00e9lioration continue de nos processus<\/strong> afin de r\u00e9pondre aux besoins et aux attentes de nos clients, et l&rsquo;am\u00e9lioration de leurs performances environnementales, en nous engageant \u00e0 <strong>collaborer \u00e0 la protection de l&rsquo;environnement<\/strong> par une gestion efficace des d\u00e9chets, <strong>la pr\u00e9vention de la pollution,<\/strong>\u00a0en r\u00e9duisant notre empreinte carbone et en apportant \u00e0 nos clients des solutions techniques plus respectueuses de l&rsquo;environnement.<\/p>\t\t\t\t\t\t<\/div>\n\t\t\t\t<\/div>\n\t\t\t\t<div class=\"elementor-element elementor-element-78797142 elementor-widget elementor-widget-text-editor\" data-id=\"78797142\" data-element_type=\"widget\" data-widget_type=\"text-editor.default\">\n\t\t\t\t<div class=\"elementor-widget-container\">\n\t\t\t\t\t\t\t<p>Pour que ces pr\u00e9misses soient remplies, nous comptons sur la collaboration de tout le personnel et nous devons:<\/p>\t\t\t\t\t\t<\/div>\n\t\t\t\t<\/div>\n\t\t\t\t<div class=\"elementor-element elementor-element-22f7e6f1 elementor-widget elementor-widget-text-editor\" data-id=\"22f7e6f1\" data-element_type=\"widget\" data-widget_type=\"text-editor.default\">\n\t\t\t\t<div class=\"elementor-widget-container\">\n\t\t\t\t\t\t\t<ul><li>Conna\u00eetre les besoins, les exigences et les attentes de nos clients, en respectant les d\u00e9lais de livraison et les niveaux de qualit\u00e9 convenus.<\/li><li>Respecter les valeurs du FSC et du PEFC, ainsi que toutes les r\u00e9glementations et exigences l\u00e9gales applicables \u00e0 notre entreprise, en veillant au respect du droit du travail, en garantissant que les conditions de travail ne mettent pas en danger la s\u00e9curit\u00e9 ou la sant\u00e9 des travailleurs, en interdisant le travail des enfants, en \u00e9liminant toute forme de travail forc\u00e9 ou obligatoire, en assurant l&rsquo;absence de discrimination en mati\u00e8re d&#8217;emploi et de profession, en respectant la libert\u00e9 syndicale et en garantissant le droit effectif \u00e0 la n\u00e9gociation collective<\/li><li>S\u00e9lectionner des collaborateurs qui acceptent l&rsquo;engagement de rechercher l&rsquo;am\u00e9lioration continue des produits qu&rsquo;ils nous fournissent, en effectuant le suivi et les contr\u00f4les correspondants pour chacun de leurs processus, afin de r\u00e9aliser cet engagement.<\/li><li>Prot\u00e9ger l&rsquo;environnement en faisant un usage rationnel des ressources naturelles, en promouvant leur r\u00e9duction et en s&rsquo;engageant \u00e0 utiliser des mati\u00e8res premi\u00e8res et des pratiques moins polluantes, ainsi qu&rsquo;en d\u00e9veloppant progressivement l&rsquo;utilisation des mat\u00e9riaux FSC et PEFC.<\/li><li>Promouvoir le professionnalisme et l&rsquo;implication du personnel par des actions de formation et de sensibilisation.<\/li><\/ul>\t\t\t\t\t\t<\/div>\n\t\t\t\t<\/div>\n\t\t\t\t<div class=\"elementor-element elementor-element-aea5a41 elementor-widget elementor-widget-text-editor\" data-id=\"aea5a41\" data-element_type=\"widget\" data-widget_type=\"text-editor.default\">\n\t\t\t\t<div class=\"elementor-widget-container\">\n\t\t\t\t\t\t\t<p>Cette politique sert de cadre de r\u00e9f\u00e9rence pour l&rsquo;\u00e9tablissement des objectifs de l&rsquo;organisation, et est communiqu\u00e9e \u00e0 tout le personnel de <strong>CIDEYEG, S.A.<\/strong> et est \u00e0 la disposition de toutes les parties int\u00e9ress\u00e9es qui en ont besoin.<\/p>\t\t\t\t\t\t<\/div>\n\t\t\t\t<\/div>\n\t\t\t\t<div class=\"elementor-element elementor-element-9aeed4e elementor-widget elementor-widget-text-editor\" data-id=\"9aeed4e\" data-element_type=\"widget\" data-widget_type=\"text-editor.default\">\n\t\t\t\t<div class=\"elementor-widget-container\">\n\t\t\t\t\t\t\t<p><em>Montse Vilanova<\/em><\/p><p><em>Direction g\u00e9n\u00e9rale de CIDEYEG, S.A.<\/em><\/p><p>17 f\u00e9vrier 2025<\/p>\t\t\t\t\t\t<\/div>\n\t\t\t\t<\/div>\n\t\t\t\t\t<\/div>\n\t\t<\/div>\n\t\t\t\t\t<\/div>\n\t\t<\/section>\n\t\t\t\t<\/div>\n\t\t","protected":false},"excerpt":{"rendered":"<p>Politique de qualit\u00e9 et environnementale CIDEYEG, S.A. est une entreprise d\u00e9di\u00e9e \u00e0 la production de cartons, d&rsquo;\u00e9tiquettes, de d\u00e9pliants et d&#8217;emballages en carton ou en plastique avec impression offset. Notre vision est de rechercher l&rsquo;am\u00e9lioration continue de nos processus afin de r\u00e9pondre aux besoins et&#8230;<\/p>\n","protected":false},"author":1,"featured_media":0,"parent":0,"menu_order":0,"comment_status":"closed","ping_status":"closed","template":"","meta":{"_acf_changed":false,"footnotes":""},"acf":[],"yoast_head":"<!-- This site is optimized with the Yoast SEO plugin v22.2 - https:\/\/yoast.com\/wordpress\/plugins\/seo\/ -->\n<title>Politique de qualit\u00e9 et environnementale - Cideyeg<\/title>\n<meta name=\"robots\" content=\"index, follow, max-snippet:-1, max-image-preview:large, max-video-preview:-1\" \/>\n<link rel=\"canonical\" href=\"https:\/\/www.cideyeg.es\/fr\/politique-qualite-et-environnement\/\" \/>\n<meta property=\"og:locale\" content=\"fr_FR\" \/>\n<meta property=\"og:type\" content=\"article\" \/>\n<meta property=\"og:title\" content=\"Politique de qualit\u00e9 et environnementale - Cideyeg\" \/>\n<meta property=\"og:description\" content=\"Politique de qualit\u00e9 et environnementale CIDEYEG, S.A. est une entreprise d\u00e9di\u00e9e \u00e0 la production de cartons, d&rsquo;\u00e9tiquettes, de d\u00e9pliants et d&#8217;emballages en carton ou en plastique avec impression offset. Notre vision est de rechercher l&rsquo;am\u00e9lioration continue de nos processus afin de r\u00e9pondre aux besoins et...\" \/>\n<meta property=\"og:url\" content=\"https:\/\/www.cideyeg.es\/fr\/politique-qualite-et-environnement\/\" \/>\n<meta property=\"og:site_name\" content=\"Cideyeg\" \/>\n<meta property=\"article:modified_time\" content=\"2025-03-03T16:01:44+00:00\" \/>\n<meta name=\"twitter:card\" content=\"summary_large_image\" \/>\n<meta name=\"twitter:label1\" content=\"Dur\u00e9e de lecture estim\u00e9e\" \/>\n\t<meta name=\"twitter:data1\" content=\"2 minutes\" \/>\n<script type=\"application\/ld+json\" class=\"yoast-schema-graph\">{\"@context\":\"https:\/\/schema.org\",\"@graph\":[{\"@type\":\"WebPage\",\"@id\":\"https:\/\/www.cideyeg.es\/fr\/politique-qualite-et-environnement\/\",\"url\":\"https:\/\/www.cideyeg.es\/fr\/politique-qualite-et-environnement\/\",\"name\":\"Politique de qualit\u00e9 et environnementale - Cideyeg\",\"isPartOf\":{\"@id\":\"https:\/\/www.cideyeg.es\/#website\"},\"datePublished\":\"2022-11-21T11:22:15+00:00\",\"dateModified\":\"2025-03-03T16:01:44+00:00\",\"breadcrumb\":{\"@id\":\"https:\/\/www.cideyeg.es\/fr\/politique-qualite-et-environnement\/#breadcrumb\"},\"inLanguage\":\"fr-FR\",\"potentialAction\":[{\"@type\":\"ReadAction\",\"target\":[\"https:\/\/www.cideyeg.es\/fr\/politique-qualite-et-environnement\/\"]}]},{\"@type\":\"BreadcrumbList\",\"@id\":\"https:\/\/www.cideyeg.es\/fr\/politique-qualite-et-environnement\/#breadcrumb\",\"itemListElement\":[{\"@type\":\"ListItem\",\"position\":1,\"name\":\"Inici\",\"item\":\"https:\/\/www.cideyeg.es\/fr\/\"},{\"@type\":\"ListItem\",\"position\":2,\"name\":\"Politique de qualit\u00e9 et environnementale\"}]},{\"@type\":\"WebSite\",\"@id\":\"https:\/\/www.cideyeg.es\/#website\",\"url\":\"https:\/\/www.cideyeg.es\/\",\"name\":\"Cideyeg\",\"description\":\"Vestim els teus productes\",\"publisher\":{\"@id\":\"https:\/\/www.cideyeg.es\/#organization\"},\"potentialAction\":[{\"@type\":\"SearchAction\",\"target\":{\"@type\":\"EntryPoint\",\"urlTemplate\":\"https:\/\/www.cideyeg.es\/?s={search_term_string}\"},\"query-input\":\"required name=search_term_string\"}],\"inLanguage\":\"fr-FR\"},{\"@type\":\"Organization\",\"@id\":\"https:\/\/www.cideyeg.es\/#organization\",\"name\":\"Cideyeg\",\"url\":\"https:\/\/www.cideyeg.es\/\",\"logo\":{\"@type\":\"ImageObject\",\"inLanguage\":\"fr-FR\",\"@id\":\"https:\/\/www.cideyeg.es\/#\/schema\/logo\/image\/\",\"url\":\"https:\/\/www.cideyeg.es\/wp-content\/uploads\/2021\/10\/Logo-3.png\",\"contentUrl\":\"https:\/\/www.cideyeg.es\/wp-content\/uploads\/2021\/10\/Logo-3.png\",\"width\":148,\"height\":100,\"caption\":\"Cideyeg\"},\"image\":{\"@id\":\"https:\/\/www.cideyeg.es\/#\/schema\/logo\/image\/\"}}]}<\/script>\n<!-- \/ Yoast SEO plugin. -->","yoast_head_json":{"title":"Politique de qualit\u00e9 et environnementale - Cideyeg","robots":{"index":"index","follow":"follow","max-snippet":"max-snippet:-1","max-image-preview":"max-image-preview:large","max-video-preview":"max-video-preview:-1"},"canonical":"https:\/\/www.cideyeg.es\/fr\/politique-qualite-et-environnement\/","og_locale":"fr_FR","og_type":"article","og_title":"Politique de qualit\u00e9 et environnementale - Cideyeg","og_description":"Politique de qualit\u00e9 et environnementale CIDEYEG, S.A. est une entreprise d\u00e9di\u00e9e \u00e0 la production de cartons, d&rsquo;\u00e9tiquettes, de d\u00e9pliants et d&#8217;emballages en carton ou en plastique avec impression offset. Notre vision est de rechercher l&rsquo;am\u00e9lioration continue de nos processus afin de r\u00e9pondre aux besoins et...","og_url":"https:\/\/www.cideyeg.es\/fr\/politique-qualite-et-environnement\/","og_site_name":"Cideyeg","article_modified_time":"2025-03-03T16:01:44+00:00","twitter_card":"summary_large_image","twitter_misc":{"Dur\u00e9e de lecture estim\u00e9e":"2 minutes"},"schema":{"@context":"https:\/\/schema.org","@graph":[{"@type":"WebPage","@id":"https:\/\/www.cideyeg.es\/fr\/politique-qualite-et-environnement\/","url":"https:\/\/www.cideyeg.es\/fr\/politique-qualite-et-environnement\/","name":"Politique de qualit\u00e9 et environnementale - Cideyeg","isPartOf":{"@id":"https:\/\/www.cideyeg.es\/#website"},"datePublished":"2022-11-21T11:22:15+00:00","dateModified":"2025-03-03T16:01:44+00:00","breadcrumb":{"@id":"https:\/\/www.cideyeg.es\/fr\/politique-qualite-et-environnement\/#breadcrumb"},"inLanguage":"fr-FR","potentialAction":[{"@type":"ReadAction","target":["https:\/\/www.cideyeg.es\/fr\/politique-qualite-et-environnement\/"]}]},{"@type":"BreadcrumbList","@id":"https:\/\/www.cideyeg.es\/fr\/politique-qualite-et-environnement\/#breadcrumb","itemListElement":[{"@type":"ListItem","position":1,"name":"Inici","item":"https:\/\/www.cideyeg.es\/fr\/"},{"@type":"ListItem","position":2,"name":"Politique de qualit\u00e9 et environnementale"}]},{"@type":"WebSite","@id":"https:\/\/www.cideyeg.es\/#website","url":"https:\/\/www.cideyeg.es\/","name":"Cideyeg","description":"Vestim els teus productes","publisher":{"@id":"https:\/\/www.cideyeg.es\/#organization"},"potentialAction":[{"@type":"SearchAction","target":{"@type":"EntryPoint","urlTemplate":"https:\/\/www.cideyeg.es\/?s={search_term_string}"},"query-input":"required name=search_term_string"}],"inLanguage":"fr-FR"},{"@type":"Organization","@id":"https:\/\/www.cideyeg.es\/#organization","name":"Cideyeg","url":"https:\/\/www.cideyeg.es\/","logo":{"@type":"ImageObject","inLanguage":"fr-FR","@id":"https:\/\/www.cideyeg.es\/#\/schema\/logo\/image\/","url":"https:\/\/www.cideyeg.es\/wp-content\/uploads\/2021\/10\/Logo-3.png","contentUrl":"https:\/\/www.cideyeg.es\/wp-content\/uploads\/2021\/10\/Logo-3.png","width":148,"height":100,"caption":"Cideyeg"},"image":{"@id":"https:\/\/www.cideyeg.es\/#\/schema\/logo\/image\/"}}]}},"_links":{"self":[{"href":"https:\/\/www.cideyeg.es\/fr\/wp-json\/wp\/v2\/pages\/23571"}],"collection":[{"href":"https:\/\/www.cideyeg.es\/fr\/wp-json\/wp\/v2\/pages"}],"about":[{"href":"https:\/\/www.cideyeg.es\/fr\/wp-json\/wp\/v2\/types\/page"}],"author":[{"embeddable":true,"href":"https:\/\/www.cideyeg.es\/fr\/wp-json\/wp\/v2\/users\/1"}],"replies":[{"embeddable":true,"href":"https:\/\/www.cideyeg.es\/fr\/wp-json\/wp\/v2\/comments?post=23571"}],"version-history":[{"count":5,"href":"https:\/\/www.cideyeg.es\/fr\/wp-json\/wp\/v2\/pages\/23571\/revisions"}],"predecessor-version":[{"id":24952,"href":"https:\/\/www.cideyeg.es\/fr\/wp-json\/wp\/v2\/pages\/23571\/revisions\/24952"}],"wp:attachment":[{"href":"https:\/\/www.cideyeg.es\/fr\/wp-json\/wp\/v2\/media?parent=23571"}],"curies":[{"name":"wp","href":"https:\/\/api.w.org\/{rel}","templated":true}]}}