{"id":24160,"date":"2024-02-08T17:28:31","date_gmt":"2024-02-08T16:28:31","guid":{"rendered":"https:\/\/www.cideyeg.es\/?page_id=24160"},"modified":"2024-02-08T18:14:20","modified_gmt":"2024-02-08T17:14:20","slug":"codigo-etico-cideyeg","status":"publish","type":"page","link":"https:\/\/www.cideyeg.es\/es\/codigo-etico-cideyeg\/","title":{"rendered":"C\u00f3digo \u00c9tico"},"content":{"rendered":"\t\t<div data-elementor-type=\"wp-page\" data-elementor-id=\"24160\" class=\"elementor elementor-24160\">\n\t\t\t\t\t\t<section class=\"elementor-section elementor-top-section elementor-element elementor-element-2a3c180c elementor-section-boxed elementor-section-height-default elementor-section-height-default parallax_section_no qode_elementor_container_no\" data-id=\"2a3c180c\" data-element_type=\"section\">\n\t\t\t\t\t\t<div class=\"elementor-container elementor-column-gap-default\">\n\t\t\t\t\t<div class=\"elementor-column elementor-col-100 elementor-top-column elementor-element elementor-element-4ce01d82\" data-id=\"4ce01d82\" data-element_type=\"column\">\n\t\t\t<div class=\"elementor-widget-wrap elementor-element-populated\">\n\t\t\t\t\t\t<div class=\"elementor-element elementor-element-b3ec249 elementor-widget elementor-widget-text-editor\" data-id=\"b3ec249\" data-element_type=\"widget\" data-widget_type=\"text-editor.default\">\n\t\t\t\t<div class=\"elementor-widget-container\">\n\t\t\t<style>\/*! elementor - v3.20.0 - 11-03-2024 *\/\n.elementor-widget-text-editor.elementor-drop-cap-view-stacked .elementor-drop-cap{background-color:#69727d;color:#fff}.elementor-widget-text-editor.elementor-drop-cap-view-framed .elementor-drop-cap{color:#69727d;border:3px solid;background-color:transparent}.elementor-widget-text-editor:not(.elementor-drop-cap-view-default) .elementor-drop-cap{margin-top:8px}.elementor-widget-text-editor:not(.elementor-drop-cap-view-default) .elementor-drop-cap-letter{width:1em;height:1em}.elementor-widget-text-editor .elementor-drop-cap{float:left;text-align:center;line-height:1;font-size:50px}.elementor-widget-text-editor .elementor-drop-cap-letter{display:inline-block}<\/style>\t\t\t\t<h2>C\u00f3digo \u00c9tico<\/h2>\t\t\t\t\t\t<\/div>\n\t\t\t\t<\/div>\n\t\t\t\t\t<\/div>\n\t\t<\/div>\n\t\t\t\t\t<\/div>\n\t\t<\/section>\n\t\t\t\t<section class=\"elementor-section elementor-top-section elementor-element elementor-element-11d9dd9 elementor-section-boxed elementor-section-height-default elementor-section-height-default parallax_section_no qode_elementor_container_no\" data-id=\"11d9dd9\" data-element_type=\"section\">\n\t\t\t\t\t\t<div class=\"elementor-container elementor-column-gap-default\">\n\t\t\t\t\t<div class=\"elementor-column elementor-col-100 elementor-top-column elementor-element elementor-element-280a2f1\" data-id=\"280a2f1\" data-element_type=\"column\">\n\t\t\t<div class=\"elementor-widget-wrap elementor-element-populated\">\n\t\t\t\t\t\t<div class=\"elementor-element elementor-element-c4ed093 elementor-widget elementor-widget-text-editor\" data-id=\"c4ed093\" data-element_type=\"widget\" data-widget_type=\"text-editor.default\">\n\t\t\t\t<div class=\"elementor-widget-container\">\n\t\t\t\t\t\t\t<h4><strong>COMPROMISO<\/strong><\/h4>\t\t\t\t\t\t<\/div>\n\t\t\t\t<\/div>\n\t\t\t\t\t<\/div>\n\t\t<\/div>\n\t\t\t\t\t<\/div>\n\t\t<\/section>\n\t\t\t\t<section class=\"elementor-section elementor-top-section elementor-element elementor-element-a1cdbcb elementor-section-boxed elementor-section-height-default elementor-section-height-default parallax_section_no qode_elementor_container_no\" data-id=\"a1cdbcb\" data-element_type=\"section\">\n\t\t\t\t\t\t<div class=\"elementor-container elementor-column-gap-default\">\n\t\t\t\t\t<div class=\"elementor-column elementor-col-100 elementor-top-column elementor-element elementor-element-4968845\" data-id=\"4968845\" data-element_type=\"column\">\n\t\t\t<div class=\"elementor-widget-wrap elementor-element-populated\">\n\t\t\t\t\t\t<div class=\"elementor-element elementor-element-3df8b81 elementor-widget elementor-widget-text-editor\" data-id=\"3df8b81\" data-element_type=\"widget\" data-widget_type=\"text-editor.default\">\n\t\t\t\t<div class=\"elementor-widget-container\">\n\t\t\t\t\t\t\t<p><strong>CIDEYEG, S.A. <\/strong>(en adelante, la \u201cEntidad\u201d), tiene el m\u00e1s alto compromiso y voluntad de comportamiento \u00e9tico, responsable y sostenible junto al debido cumplimiento de los marcos normativos y disposiciones legales que nos son de aplicaci\u00f3n en todas nuestras actividades y operaciones.<\/p><p>Dicho compromiso requiere una participaci\u00f3n de forma activa de todos los empleados, directivos, colaboradores, proveedores, clientes y en general cualquier persona y entidad relacionada con nosotros.<\/p><p>\u00a0<\/p>\t\t\t\t\t\t<\/div>\n\t\t\t\t<\/div>\n\t\t\t\t\t<\/div>\n\t\t<\/div>\n\t\t\t\t\t<\/div>\n\t\t<\/section>\n\t\t\t\t<section class=\"elementor-section elementor-top-section elementor-element elementor-element-111492b elementor-section-boxed elementor-section-height-default elementor-section-height-default parallax_section_no qode_elementor_container_no\" data-id=\"111492b\" data-element_type=\"section\">\n\t\t\t\t\t\t<div class=\"elementor-container elementor-column-gap-default\">\n\t\t\t\t\t<div class=\"elementor-column elementor-col-100 elementor-top-column elementor-element elementor-element-3096947\" data-id=\"3096947\" data-element_type=\"column\">\n\t\t\t<div class=\"elementor-widget-wrap elementor-element-populated\">\n\t\t\t\t\t\t<div class=\"elementor-element elementor-element-51fcb52 elementor-widget elementor-widget-text-editor\" data-id=\"51fcb52\" data-element_type=\"widget\" data-widget_type=\"text-editor.default\">\n\t\t\t\t<div class=\"elementor-widget-container\">\n\t\t\t\t\t\t\t<h4>C\u00d3DIGOS Y POL\u00cdTICAS INTERNAS<\/h4>\t\t\t\t\t\t<\/div>\n\t\t\t\t<\/div>\n\t\t\t\t\t<\/div>\n\t\t<\/div>\n\t\t\t\t\t<\/div>\n\t\t<\/section>\n\t\t\t\t<section class=\"elementor-section elementor-top-section elementor-element elementor-element-106a8a7 elementor-section-boxed elementor-section-height-default elementor-section-height-default parallax_section_no qode_elementor_container_no\" data-id=\"106a8a7\" data-element_type=\"section\">\n\t\t\t\t\t\t<div class=\"elementor-container elementor-column-gap-default\">\n\t\t\t\t\t<div class=\"elementor-column elementor-col-100 elementor-top-column elementor-element elementor-element-5b36b26\" data-id=\"5b36b26\" data-element_type=\"column\">\n\t\t\t<div class=\"elementor-widget-wrap elementor-element-populated\">\n\t\t\t\t\t\t<div class=\"elementor-element elementor-element-b53cf17 elementor-widget elementor-widget-text-editor\" data-id=\"b53cf17\" data-element_type=\"widget\" data-widget_type=\"text-editor.default\">\n\t\t\t\t<div class=\"elementor-widget-container\">\n\t\t\t\t\t\t\t<p>Por todo ello y, como medida para facilitar el seguimiento y aplicaci\u00f3n de dicho compromiso, la Entidad ha elaborado gu\u00edas y pautas de conducta para el debido seguimiento y aplicaci\u00f3n del mencionado compromiso. Para ello, complementariamente a los protocolos y procedimientos que el marco normativo requiere a nuestra actividad, se ha elaborado el siguiente C\u00f3digo \u00c9tico corporativo:<\/p><p>\u00a0<\/p><ul><li><a href=\"https:\/\/www.cideyeg.es\/wp-content\/uploads\/2024\/02\/codigo-etico_CIDEYEG.pdf\"><span style=\"text-decoration: underline;\"><strong><span style=\"color: #000000; text-decoration: underline;\">-&gt; C\u00f3digo \u00c9tico<\/span><\/strong><\/span><\/a><span style=\"color: #000000;\">:<\/span> A trav\u00e9s de este, se establecen los principios y valores de comportamiento \u00e9tico y responsable, junto con los derechos, deberes y responsabilidades en materia de cumplimiento normativo de la Entidad.<\/li><\/ul>\t\t\t\t\t\t<\/div>\n\t\t\t\t<\/div>\n\t\t\t\t\t<\/div>\n\t\t<\/div>\n\t\t\t\t\t<\/div>\n\t\t<\/section>\n\t\t\t\t<section class=\"elementor-section elementor-top-section elementor-element elementor-element-3a6dcb1 elementor-section-boxed elementor-section-height-default elementor-section-height-default parallax_section_no qode_elementor_container_no\" data-id=\"3a6dcb1\" data-element_type=\"section\">\n\t\t\t\t\t\t<div class=\"elementor-container elementor-column-gap-default\">\n\t\t\t\t\t<div class=\"elementor-column elementor-col-100 elementor-top-column elementor-element elementor-element-01b5c94\" data-id=\"01b5c94\" data-element_type=\"column\">\n\t\t\t<div class=\"elementor-widget-wrap elementor-element-populated\">\n\t\t\t\t\t\t<div class=\"elementor-element elementor-element-a66afd1 elementor-widget elementor-widget-text-editor\" data-id=\"a66afd1\" data-element_type=\"widget\" data-widget_type=\"text-editor.default\">\n\t\t\t\t<div class=\"elementor-widget-container\">\n\t\t\t\t\t\t\t<h4><strong>EQUIPO RESPONSABLE<\/strong><\/h4>\t\t\t\t\t\t<\/div>\n\t\t\t\t<\/div>\n\t\t\t\t\t<\/div>\n\t\t<\/div>\n\t\t\t\t\t<\/div>\n\t\t<\/section>\n\t\t\t\t<section class=\"elementor-section elementor-top-section elementor-element elementor-element-bb22d4c elementor-section-boxed elementor-section-height-default elementor-section-height-default parallax_section_no qode_elementor_container_no\" data-id=\"bb22d4c\" data-element_type=\"section\">\n\t\t\t\t\t\t<div class=\"elementor-container elementor-column-gap-default\">\n\t\t\t\t\t<div class=\"elementor-column elementor-col-100 elementor-top-column elementor-element elementor-element-7b6b714\" data-id=\"7b6b714\" data-element_type=\"column\">\n\t\t\t<div class=\"elementor-widget-wrap elementor-element-populated\">\n\t\t\t\t\t\t<div class=\"elementor-element elementor-element-f8a25f7 elementor-widget elementor-widget-text-editor\" data-id=\"f8a25f7\" data-element_type=\"widget\" data-widget_type=\"text-editor.default\">\n\t\t\t\t<div class=\"elementor-widget-container\">\n\t\t\t\t\t\t\t<p>Con el objetivo dotar de eficacia a todo lo anterior, la Entidad ha designado a un responsable, con soporte de expertos externos especializados, para asegurar el debido seguimiento de nuestro compromiso de actuaci\u00f3n \u00e9tica, responsable y sostenible, as\u00ed como prestar soporte a todas las personas y entidades implicadas en su cumplimiento. Podr\u00e1 dirigirse al equipo responsable a trav\u00e9s del canal de comunicaciones que se indique a los colectivos afectados.<\/p><p>\u00a0<\/p>\t\t\t\t\t\t<\/div>\n\t\t\t\t<\/div>\n\t\t\t\t\t<\/div>\n\t\t<\/div>\n\t\t\t\t\t<\/div>\n\t\t<\/section>\n\t\t\t\t<\/div>\n\t\t","protected":false},"excerpt":{"rendered":"<p>C\u00f3digo \u00c9tico COMPROMISO CIDEYEG, S.A. (en adelante, la \u201cEntidad\u201d), tiene el m\u00e1s alto compromiso y voluntad de comportamiento \u00e9tico, responsable y sostenible junto al debido cumplimiento de los marcos normativos y disposiciones legales que nos son de aplicaci\u00f3n en todas nuestras actividades y operaciones. Dicho&#8230;<\/p>\n","protected":false},"author":3,"featured_media":0,"parent":0,"menu_order":0,"comment_status":"closed","ping_status":"closed","template":"","meta":{"_acf_changed":false,"footnotes":""},"acf":[],"yoast_head":"<!-- This site is optimized with the Yoast SEO plugin v22.2 - https:\/\/yoast.com\/wordpress\/plugins\/seo\/ -->\n<title>C\u00f3digo \u00c9tico - Cideyeg<\/title>\n<meta name=\"robots\" content=\"index, follow, max-snippet:-1, max-image-preview:large, max-video-preview:-1\" \/>\n<link rel=\"canonical\" href=\"https:\/\/www.cideyeg.es\/es\/codigo-etico-cideyeg\/\" \/>\n<meta property=\"og:locale\" content=\"es_ES\" \/>\n<meta property=\"og:type\" content=\"article\" \/>\n<meta property=\"og:title\" content=\"C\u00f3digo \u00c9tico - Cideyeg\" \/>\n<meta property=\"og:description\" content=\"C\u00f3digo \u00c9tico COMPROMISO CIDEYEG, S.A. (en adelante, la \u201cEntidad\u201d), tiene el m\u00e1s alto compromiso y voluntad de comportamiento \u00e9tico, responsable y sostenible junto al debido cumplimiento de los marcos normativos y disposiciones legales que nos son de aplicaci\u00f3n en todas nuestras actividades y operaciones. Dicho...\" \/>\n<meta property=\"og:url\" content=\"https:\/\/www.cideyeg.es\/es\/codigo-etico-cideyeg\/\" \/>\n<meta property=\"og:site_name\" content=\"Cideyeg\" \/>\n<meta property=\"article:modified_time\" content=\"2024-02-08T17:14:20+00:00\" \/>\n<meta name=\"twitter:card\" content=\"summary_large_image\" \/>\n<meta name=\"twitter:label1\" content=\"Tiempo de lectura\" \/>\n\t<meta name=\"twitter:data1\" content=\"2 minutos\" \/>\n<script type=\"application\/ld+json\" class=\"yoast-schema-graph\">{\"@context\":\"https:\/\/schema.org\",\"@graph\":[{\"@type\":\"WebPage\",\"@id\":\"https:\/\/www.cideyeg.es\/es\/codigo-etico-cideyeg\/\",\"url\":\"https:\/\/www.cideyeg.es\/es\/codigo-etico-cideyeg\/\",\"name\":\"C\u00f3digo \u00c9tico - Cideyeg\",\"isPartOf\":{\"@id\":\"https:\/\/www.cideyeg.es\/#website\"},\"datePublished\":\"2024-02-08T16:28:31+00:00\",\"dateModified\":\"2024-02-08T17:14:20+00:00\",\"breadcrumb\":{\"@id\":\"https:\/\/www.cideyeg.es\/es\/codigo-etico-cideyeg\/#breadcrumb\"},\"inLanguage\":\"es\",\"potentialAction\":[{\"@type\":\"ReadAction\",\"target\":[\"https:\/\/www.cideyeg.es\/es\/codigo-etico-cideyeg\/\"]}]},{\"@type\":\"BreadcrumbList\",\"@id\":\"https:\/\/www.cideyeg.es\/es\/codigo-etico-cideyeg\/#breadcrumb\",\"itemListElement\":[{\"@type\":\"ListItem\",\"position\":1,\"name\":\"Inici\",\"item\":\"https:\/\/www.cideyeg.es\/es\/\"},{\"@type\":\"ListItem\",\"position\":2,\"name\":\"C\u00f3digo \u00c9tico\"}]},{\"@type\":\"WebSite\",\"@id\":\"https:\/\/www.cideyeg.es\/#website\",\"url\":\"https:\/\/www.cideyeg.es\/\",\"name\":\"Cideyeg\",\"description\":\"Vestim els teus productes\",\"publisher\":{\"@id\":\"https:\/\/www.cideyeg.es\/#organization\"},\"potentialAction\":[{\"@type\":\"SearchAction\",\"target\":{\"@type\":\"EntryPoint\",\"urlTemplate\":\"https:\/\/www.cideyeg.es\/?s={search_term_string}\"},\"query-input\":\"required name=search_term_string\"}],\"inLanguage\":\"es\"},{\"@type\":\"Organization\",\"@id\":\"https:\/\/www.cideyeg.es\/#organization\",\"name\":\"Cideyeg\",\"url\":\"https:\/\/www.cideyeg.es\/\",\"logo\":{\"@type\":\"ImageObject\",\"inLanguage\":\"es\",\"@id\":\"https:\/\/www.cideyeg.es\/#\/schema\/logo\/image\/\",\"url\":\"https:\/\/www.cideyeg.es\/wp-content\/uploads\/2021\/10\/Logo-3.png\",\"contentUrl\":\"https:\/\/www.cideyeg.es\/wp-content\/uploads\/2021\/10\/Logo-3.png\",\"width\":148,\"height\":100,\"caption\":\"Cideyeg\"},\"image\":{\"@id\":\"https:\/\/www.cideyeg.es\/#\/schema\/logo\/image\/\"}}]}<\/script>\n<!-- \/ Yoast SEO plugin. -->","yoast_head_json":{"title":"C\u00f3digo \u00c9tico - Cideyeg","robots":{"index":"index","follow":"follow","max-snippet":"max-snippet:-1","max-image-preview":"max-image-preview:large","max-video-preview":"max-video-preview:-1"},"canonical":"https:\/\/www.cideyeg.es\/es\/codigo-etico-cideyeg\/","og_locale":"es_ES","og_type":"article","og_title":"C\u00f3digo \u00c9tico - Cideyeg","og_description":"C\u00f3digo \u00c9tico COMPROMISO CIDEYEG, S.A. (en adelante, la \u201cEntidad\u201d), tiene el m\u00e1s alto compromiso y voluntad de comportamiento \u00e9tico, responsable y sostenible junto al debido cumplimiento de los marcos normativos y disposiciones legales que nos son de aplicaci\u00f3n en todas nuestras actividades y operaciones. Dicho...","og_url":"https:\/\/www.cideyeg.es\/es\/codigo-etico-cideyeg\/","og_site_name":"Cideyeg","article_modified_time":"2024-02-08T17:14:20+00:00","twitter_card":"summary_large_image","twitter_misc":{"Tiempo de lectura":"2 minutos"},"schema":{"@context":"https:\/\/schema.org","@graph":[{"@type":"WebPage","@id":"https:\/\/www.cideyeg.es\/es\/codigo-etico-cideyeg\/","url":"https:\/\/www.cideyeg.es\/es\/codigo-etico-cideyeg\/","name":"C\u00f3digo \u00c9tico - Cideyeg","isPartOf":{"@id":"https:\/\/www.cideyeg.es\/#website"},"datePublished":"2024-02-08T16:28:31+00:00","dateModified":"2024-02-08T17:14:20+00:00","breadcrumb":{"@id":"https:\/\/www.cideyeg.es\/es\/codigo-etico-cideyeg\/#breadcrumb"},"inLanguage":"es","potentialAction":[{"@type":"ReadAction","target":["https:\/\/www.cideyeg.es\/es\/codigo-etico-cideyeg\/"]}]},{"@type":"BreadcrumbList","@id":"https:\/\/www.cideyeg.es\/es\/codigo-etico-cideyeg\/#breadcrumb","itemListElement":[{"@type":"ListItem","position":1,"name":"Inici","item":"https:\/\/www.cideyeg.es\/es\/"},{"@type":"ListItem","position":2,"name":"C\u00f3digo \u00c9tico"}]},{"@type":"WebSite","@id":"https:\/\/www.cideyeg.es\/#website","url":"https:\/\/www.cideyeg.es\/","name":"Cideyeg","description":"Vestim els teus productes","publisher":{"@id":"https:\/\/www.cideyeg.es\/#organization"},"potentialAction":[{"@type":"SearchAction","target":{"@type":"EntryPoint","urlTemplate":"https:\/\/www.cideyeg.es\/?s={search_term_string}"},"query-input":"required name=search_term_string"}],"inLanguage":"es"},{"@type":"Organization","@id":"https:\/\/www.cideyeg.es\/#organization","name":"Cideyeg","url":"https:\/\/www.cideyeg.es\/","logo":{"@type":"ImageObject","inLanguage":"es","@id":"https:\/\/www.cideyeg.es\/#\/schema\/logo\/image\/","url":"https:\/\/www.cideyeg.es\/wp-content\/uploads\/2021\/10\/Logo-3.png","contentUrl":"https:\/\/www.cideyeg.es\/wp-content\/uploads\/2021\/10\/Logo-3.png","width":148,"height":100,"caption":"Cideyeg"},"image":{"@id":"https:\/\/www.cideyeg.es\/#\/schema\/logo\/image\/"}}]}},"_links":{"self":[{"href":"https:\/\/www.cideyeg.es\/es\/wp-json\/wp\/v2\/pages\/24160"}],"collection":[{"href":"https:\/\/www.cideyeg.es\/es\/wp-json\/wp\/v2\/pages"}],"about":[{"href":"https:\/\/www.cideyeg.es\/es\/wp-json\/wp\/v2\/types\/page"}],"author":[{"embeddable":true,"href":"https:\/\/www.cideyeg.es\/es\/wp-json\/wp\/v2\/users\/3"}],"replies":[{"embeddable":true,"href":"https:\/\/www.cideyeg.es\/es\/wp-json\/wp\/v2\/comments?post=24160"}],"version-history":[{"count":0,"href":"https:\/\/www.cideyeg.es\/es\/wp-json\/wp\/v2\/pages\/24160\/revisions"}],"wp:attachment":[{"href":"https:\/\/www.cideyeg.es\/es\/wp-json\/wp\/v2\/media?parent=24160"}],"curies":[{"name":"wp","href":"https:\/\/api.w.org\/{rel}","templated":true}]}}