{"id":24116,"date":"2023-12-14T19:46:37","date_gmt":"2023-12-14T18:46:37","guid":{"rendered":"https:\/\/www.cideyeg.es\/?page_id=24116"},"modified":"2024-02-08T18:15:26","modified_gmt":"2024-02-08T17:15:26","slug":"sistema-interno-de-informacion","status":"publish","type":"page","link":"https:\/\/www.cideyeg.es\/es\/sistema-interno-de-informacion\/","title":{"rendered":"Sistema Interno de Informaci\u00f3n"},"content":{"rendered":"\t\t<div data-elementor-type=\"wp-page\" data-elementor-id=\"24116\" class=\"elementor elementor-24116\">\n\t\t\t\t\t\t<section class=\"elementor-section elementor-top-section elementor-element elementor-element-2a3c180c elementor-section-boxed elementor-section-height-default elementor-section-height-default parallax_section_no qode_elementor_container_no\" data-id=\"2a3c180c\" data-element_type=\"section\">\n\t\t\t\t\t\t<div class=\"elementor-container elementor-column-gap-default\">\n\t\t\t\t\t<div class=\"elementor-column elementor-col-100 elementor-top-column elementor-element elementor-element-4ce01d82\" data-id=\"4ce01d82\" data-element_type=\"column\">\n\t\t\t<div class=\"elementor-widget-wrap elementor-element-populated\">\n\t\t\t\t\t\t<div class=\"elementor-element elementor-element-b3ec249 elementor-widget elementor-widget-text-editor\" data-id=\"b3ec249\" data-element_type=\"widget\" data-widget_type=\"text-editor.default\">\n\t\t\t\t<div class=\"elementor-widget-container\">\n\t\t\t<style>\/*! elementor - v3.20.0 - 11-03-2024 *\/\n.elementor-widget-text-editor.elementor-drop-cap-view-stacked .elementor-drop-cap{background-color:#69727d;color:#fff}.elementor-widget-text-editor.elementor-drop-cap-view-framed .elementor-drop-cap{color:#69727d;border:3px solid;background-color:transparent}.elementor-widget-text-editor:not(.elementor-drop-cap-view-default) .elementor-drop-cap{margin-top:8px}.elementor-widget-text-editor:not(.elementor-drop-cap-view-default) .elementor-drop-cap-letter{width:1em;height:1em}.elementor-widget-text-editor .elementor-drop-cap{float:left;text-align:center;line-height:1;font-size:50px}.elementor-widget-text-editor .elementor-drop-cap-letter{display:inline-block}<\/style>\t\t\t\t<h2>Sistema Interno de Informaci\u00f3n<\/h2>\t\t\t\t\t\t<\/div>\n\t\t\t\t<\/div>\n\t\t\t\t<div class=\"elementor-element elementor-element-1b7c756a elementor-widget elementor-widget-text-editor\" data-id=\"1b7c756a\" data-element_type=\"widget\" data-widget_type=\"text-editor.default\">\n\t\t\t\t<div class=\"elementor-widget-container\">\n\t\t\t\t\t\t\t<p><strong>CIDEYEG, S.A.<\/strong> (en adelante, la Entidad) ha implantado un <strong>Sistema Interno de Informaci\u00f3n (SIIF)<\/strong>, el cual integra los diferentes canales de informaci\u00f3n internos de la organizaci\u00f3n y se configura como un eje fundamental para el fomento de la cultura de actuaci\u00f3n \u00e9tica, responsable y sostenible, con el deber de supervisi\u00f3n, control y prevenci\u00f3n en materia de cumplimiento normativo.<\/p><p>El sistema constituye el cauce preferente y una herramienta de utilizaci\u00f3n obligatoria para canalizar diligentemente las comunicaciones sobre infracciones e incumplimientos normativos, con total protecci\u00f3n de los informantes, sin riesgo de represalias y con las medidas de protecci\u00f3n necesarias.<\/p><p>El SIIF se ha dise\u00f1ado, configurado y est\u00e1 gestionado con las medidas y mecanismos necesarios de seguridad, confidencialidad, protecci\u00f3n de datos y protecci\u00f3n al informante. Para ello contamos con la colaboraci\u00f3n y soporte del experto externo <strong>BONET consulting<\/strong>, que aporta altos niveles de profesionalidad, experiencia, independencia, confidencialidad y cumplimiento del marco normativo aplicable.<\/p><p>Por consiguiente, la Entidad ha dotado el SIIF de una serie de garant\u00edas, entre las que se encuentran el anonimato\/anonimizaci\u00f3n, el adecuado registro, la conservaci\u00f3n y no alteraci\u00f3n de la informaci\u00f3n, la prevenci\u00f3n de conflictos de inter\u00e9s, la protecci\u00f3n del informante y la prohibici\u00f3n de represalias.<\/p><p>Para conocer en detalle los principios de actuaci\u00f3n y las garant\u00edas fundamentales que rigen el Sistema Interno de Informaci\u00f3n de la Entidad en virtud de los requisitos exigidos por la nueva normativa puede ver y acceder a la <span style=\"text-decoration: underline;\"><strong><a href=\"https:\/\/www.cideyeg.es\/wp-content\/uploads\/2023\/12\/2-Poli\u0301tica-General-Sistema-Interno-Informacio\u0301n-CIDEYEG.pdf\"><span style=\"color: #000000; text-decoration: underline;\">Pol\u00edtica General del Sistema Interno de Informaci\u00f3n<\/span><\/a> y Defensa del Informante<\/strong><\/span>.<\/p>\t\t\t\t\t\t<\/div>\n\t\t\t\t<\/div>\n\t\t\t\t<div class=\"elementor-element elementor-element-13144771 elementor-widget elementor-widget-text-editor\" data-id=\"13144771\" data-element_type=\"widget\" data-widget_type=\"text-editor.default\">\n\t\t\t\t<div class=\"elementor-widget-container\">\n\t\t\t\t\t\t\t<h4>CANALES DE INFORMACI\u00d3N\u00a0<\/h4>\t\t\t\t\t\t<\/div>\n\t\t\t\t<\/div>\n\t\t\t\t<div class=\"elementor-element elementor-element-364a8a2c elementor-widget elementor-widget-text-editor\" data-id=\"364a8a2c\" data-element_type=\"widget\" data-widget_type=\"text-editor.default\">\n\t\t\t\t<div class=\"elementor-widget-container\">\n\t\t\t\t\t\t\t<p>La Entidad ha habilitado distintos canales internos de informaci\u00f3n que permiten la presentaci\u00f3n de comunicaciones en formato escrito o verbal. A tal efecto, la Entidad cuenta con la configuraci\u00f3n, dise\u00f1o y soporte de un experto externo en aras de aportar los m\u00e1s altos niveles de profesionalidad, experiencia, independencia, confidencialidad, protecci\u00f3n de datos y del informante, y otros \u00e1mbitos aplicables para este tipo de canales. En nuestra Pol\u00edtica puede encontrar ampliada la informaci\u00f3n sobre las caracter\u00edsticas t\u00e9cnicas de los canales. Los canales de nuestro SIIF son los siguientes:<\/p>\t\t\t\t\t\t<\/div>\n\t\t\t\t<\/div>\n\t\t\t\t<div class=\"elementor-element elementor-element-6e1fef1c elementor-widget elementor-widget-text-editor\" data-id=\"6e1fef1c\" data-element_type=\"widget\" data-widget_type=\"text-editor.default\">\n\t\t\t\t<div class=\"elementor-widget-container\">\n\t\t\t\t\t\t\t<h5><strong><span style=\"text-decoration: underline; color: #000000;\">CANAL ONLINE PRINCIPAL<\/span><\/strong><\/h5>\t\t\t\t\t\t<\/div>\n\t\t\t\t<\/div>\n\t\t\t\t<div class=\"elementor-element elementor-element-55b39c8b elementor-widget elementor-widget-text-editor\" data-id=\"55b39c8b\" data-element_type=\"widget\" data-widget_type=\"text-editor.default\">\n\t\t\t\t<div class=\"elementor-widget-container\">\n\t\t\t\t\t\t\t<p>La Entidad pone a su disposici\u00f3n una herramienta on-line mediante la cual cualquier empleado o persona relacionada con la Entidad podr\u00e1 presentar una comunicaci\u00f3n por escrito a trav\u00e9s de los siguientes enlaces: <span style=\"text-decoration: underline;\"><span style=\"color: #000000;\"><a style=\"color: #000000;\" href=\"https:\/\/corporate-line.com\/cnormativo-cideyeg\"><strong>https:\/\/corporate-line.com\/cnormativo-cideyeg<\/strong><\/a><\/span><\/span><\/p><p>Esta herramienta cuenta con medidas de seguridad que garantizan la protecci\u00f3n de la informaci\u00f3n, la identidad del informante y la de aquellas personas afectadas por la misma, as\u00ed como la confidencialidad y reserva de todo el proceso de gesti\u00f3n y tramitaci\u00f3n de la comunicaci\u00f3n.<\/p>\t\t\t\t\t\t<\/div>\n\t\t\t\t<\/div>\n\t\t\t\t<div class=\"elementor-element elementor-element-56b862a3 elementor-widget elementor-widget-text-editor\" data-id=\"56b862a3\" data-element_type=\"widget\" data-widget_type=\"text-editor.default\">\n\t\t\t\t<div class=\"elementor-widget-container\">\n\t\t\t\t\t\t\t<h5><strong><span style=\"text-decoration: underline; color: #000000;\">CANAL<\/span><span style=\"text-decoration: underline; color: #000000;\"> PRESENCIAL<\/span><\/strong><\/h5>\t\t\t\t\t\t<\/div>\n\t\t\t\t<\/div>\n\t\t\t\t<div class=\"elementor-element elementor-element-67842ce3 elementor-widget elementor-widget-text-editor\" data-id=\"67842ce3\" data-element_type=\"widget\" data-widget_type=\"text-editor.default\">\n\t\t\t\t<div class=\"elementor-widget-container\">\n\t\t\t\t\t\t\t<p>Otra de las v\u00edas que el Grupo pone a disposici\u00f3n de sus empleados y aquellos terceros que se relacionan con \u00e9sta es el canal presencial, que permite la presentaci\u00f3n de comunicaciones verbales.<\/p><p>Para poder hacer uso de este canal, debe solicitar <strong>cita previa<\/strong> a trav\u00e9s de la siguiente v\u00eda de contacto: <strong>bustia@cideyeg.es<\/strong><\/p><p>Al objeto de garantizar las medidas de protecci\u00f3n y seguridad necesarias de este tipo de comunicaciones, no se podr\u00e1n realizar ni se registrar\u00e1n comunicaciones presentadas directamente por dicho e-mail. Este correo electr\u00f3nico se ha habilitado para coordinar con el personal t\u00e9cnico d\u00eda, hora y lugar para realizar la comunicaci\u00f3n en formato presencial.<\/p>\t\t\t\t\t\t<\/div>\n\t\t\t\t<\/div>\n\t\t\t\t\t<\/div>\n\t\t<\/div>\n\t\t\t\t\t<\/div>\n\t\t<\/section>\n\t\t\t\t<\/div>\n\t\t","protected":false},"excerpt":{"rendered":"<p>Sistema Interno de Informaci\u00f3n CIDEYEG, S.A. (en adelante, la Entidad) ha implantado un Sistema Interno de Informaci\u00f3n (SIIF), el cual integra los diferentes canales de informaci\u00f3n internos de la organizaci\u00f3n y se configura como un eje fundamental para el fomento de la cultura de actuaci\u00f3n&#8230;<\/p>\n","protected":false},"author":3,"featured_media":0,"parent":0,"menu_order":0,"comment_status":"closed","ping_status":"closed","template":"","meta":{"_acf_changed":false,"footnotes":""},"acf":[],"yoast_head":"<!-- This site is optimized with the Yoast SEO plugin v22.2 - https:\/\/yoast.com\/wordpress\/plugins\/seo\/ -->\n<title>Sistema Interno de Informaci\u00f3n - Cideyeg<\/title>\n<meta name=\"robots\" content=\"index, follow, max-snippet:-1, max-image-preview:large, max-video-preview:-1\" \/>\n<link rel=\"canonical\" href=\"https:\/\/www.cideyeg.es\/es\/sistema-interno-de-informacion\/\" \/>\n<meta property=\"og:locale\" content=\"es_ES\" \/>\n<meta property=\"og:type\" content=\"article\" \/>\n<meta property=\"og:title\" content=\"Sistema Interno de Informaci\u00f3n - Cideyeg\" \/>\n<meta property=\"og:description\" content=\"Sistema Interno de Informaci\u00f3n CIDEYEG, S.A. (en adelante, la Entidad) ha implantado un Sistema Interno de Informaci\u00f3n (SIIF), el cual integra los diferentes canales de informaci\u00f3n internos de la organizaci\u00f3n y se configura como un eje fundamental para el fomento de la cultura de actuaci\u00f3n...\" \/>\n<meta property=\"og:url\" content=\"https:\/\/www.cideyeg.es\/es\/sistema-interno-de-informacion\/\" \/>\n<meta property=\"og:site_name\" content=\"Cideyeg\" \/>\n<meta property=\"article:modified_time\" content=\"2024-02-08T17:15:26+00:00\" \/>\n<meta name=\"twitter:card\" content=\"summary_large_image\" \/>\n<meta name=\"twitter:label1\" content=\"Tiempo de lectura\" \/>\n\t<meta name=\"twitter:data1\" content=\"3 minutos\" \/>\n<script type=\"application\/ld+json\" class=\"yoast-schema-graph\">{\"@context\":\"https:\/\/schema.org\",\"@graph\":[{\"@type\":\"WebPage\",\"@id\":\"https:\/\/www.cideyeg.es\/es\/sistema-interno-de-informacion\/\",\"url\":\"https:\/\/www.cideyeg.es\/es\/sistema-interno-de-informacion\/\",\"name\":\"Sistema Interno de Informaci\u00f3n - Cideyeg\",\"isPartOf\":{\"@id\":\"https:\/\/www.cideyeg.es\/#website\"},\"datePublished\":\"2023-12-14T18:46:37+00:00\",\"dateModified\":\"2024-02-08T17:15:26+00:00\",\"breadcrumb\":{\"@id\":\"https:\/\/www.cideyeg.es\/es\/sistema-interno-de-informacion\/#breadcrumb\"},\"inLanguage\":\"es\",\"potentialAction\":[{\"@type\":\"ReadAction\",\"target\":[\"https:\/\/www.cideyeg.es\/es\/sistema-interno-de-informacion\/\"]}]},{\"@type\":\"BreadcrumbList\",\"@id\":\"https:\/\/www.cideyeg.es\/es\/sistema-interno-de-informacion\/#breadcrumb\",\"itemListElement\":[{\"@type\":\"ListItem\",\"position\":1,\"name\":\"Inici\",\"item\":\"https:\/\/www.cideyeg.es\/es\/\"},{\"@type\":\"ListItem\",\"position\":2,\"name\":\"Sistema Interno de Informaci\u00f3n\"}]},{\"@type\":\"WebSite\",\"@id\":\"https:\/\/www.cideyeg.es\/#website\",\"url\":\"https:\/\/www.cideyeg.es\/\",\"name\":\"Cideyeg\",\"description\":\"Vestim els teus productes\",\"publisher\":{\"@id\":\"https:\/\/www.cideyeg.es\/#organization\"},\"potentialAction\":[{\"@type\":\"SearchAction\",\"target\":{\"@type\":\"EntryPoint\",\"urlTemplate\":\"https:\/\/www.cideyeg.es\/?s={search_term_string}\"},\"query-input\":\"required name=search_term_string\"}],\"inLanguage\":\"es\"},{\"@type\":\"Organization\",\"@id\":\"https:\/\/www.cideyeg.es\/#organization\",\"name\":\"Cideyeg\",\"url\":\"https:\/\/www.cideyeg.es\/\",\"logo\":{\"@type\":\"ImageObject\",\"inLanguage\":\"es\",\"@id\":\"https:\/\/www.cideyeg.es\/#\/schema\/logo\/image\/\",\"url\":\"https:\/\/www.cideyeg.es\/wp-content\/uploads\/2021\/10\/Logo-3.png\",\"contentUrl\":\"https:\/\/www.cideyeg.es\/wp-content\/uploads\/2021\/10\/Logo-3.png\",\"width\":148,\"height\":100,\"caption\":\"Cideyeg\"},\"image\":{\"@id\":\"https:\/\/www.cideyeg.es\/#\/schema\/logo\/image\/\"}}]}<\/script>\n<!-- \/ Yoast SEO plugin. -->","yoast_head_json":{"title":"Sistema Interno de Informaci\u00f3n - Cideyeg","robots":{"index":"index","follow":"follow","max-snippet":"max-snippet:-1","max-image-preview":"max-image-preview:large","max-video-preview":"max-video-preview:-1"},"canonical":"https:\/\/www.cideyeg.es\/es\/sistema-interno-de-informacion\/","og_locale":"es_ES","og_type":"article","og_title":"Sistema Interno de Informaci\u00f3n - Cideyeg","og_description":"Sistema Interno de Informaci\u00f3n CIDEYEG, S.A. (en adelante, la Entidad) ha implantado un Sistema Interno de Informaci\u00f3n (SIIF), el cual integra los diferentes canales de informaci\u00f3n internos de la organizaci\u00f3n y se configura como un eje fundamental para el fomento de la cultura de actuaci\u00f3n...","og_url":"https:\/\/www.cideyeg.es\/es\/sistema-interno-de-informacion\/","og_site_name":"Cideyeg","article_modified_time":"2024-02-08T17:15:26+00:00","twitter_card":"summary_large_image","twitter_misc":{"Tiempo de lectura":"3 minutos"},"schema":{"@context":"https:\/\/schema.org","@graph":[{"@type":"WebPage","@id":"https:\/\/www.cideyeg.es\/es\/sistema-interno-de-informacion\/","url":"https:\/\/www.cideyeg.es\/es\/sistema-interno-de-informacion\/","name":"Sistema Interno de Informaci\u00f3n - Cideyeg","isPartOf":{"@id":"https:\/\/www.cideyeg.es\/#website"},"datePublished":"2023-12-14T18:46:37+00:00","dateModified":"2024-02-08T17:15:26+00:00","breadcrumb":{"@id":"https:\/\/www.cideyeg.es\/es\/sistema-interno-de-informacion\/#breadcrumb"},"inLanguage":"es","potentialAction":[{"@type":"ReadAction","target":["https:\/\/www.cideyeg.es\/es\/sistema-interno-de-informacion\/"]}]},{"@type":"BreadcrumbList","@id":"https:\/\/www.cideyeg.es\/es\/sistema-interno-de-informacion\/#breadcrumb","itemListElement":[{"@type":"ListItem","position":1,"name":"Inici","item":"https:\/\/www.cideyeg.es\/es\/"},{"@type":"ListItem","position":2,"name":"Sistema Interno de Informaci\u00f3n"}]},{"@type":"WebSite","@id":"https:\/\/www.cideyeg.es\/#website","url":"https:\/\/www.cideyeg.es\/","name":"Cideyeg","description":"Vestim els teus productes","publisher":{"@id":"https:\/\/www.cideyeg.es\/#organization"},"potentialAction":[{"@type":"SearchAction","target":{"@type":"EntryPoint","urlTemplate":"https:\/\/www.cideyeg.es\/?s={search_term_string}"},"query-input":"required name=search_term_string"}],"inLanguage":"es"},{"@type":"Organization","@id":"https:\/\/www.cideyeg.es\/#organization","name":"Cideyeg","url":"https:\/\/www.cideyeg.es\/","logo":{"@type":"ImageObject","inLanguage":"es","@id":"https:\/\/www.cideyeg.es\/#\/schema\/logo\/image\/","url":"https:\/\/www.cideyeg.es\/wp-content\/uploads\/2021\/10\/Logo-3.png","contentUrl":"https:\/\/www.cideyeg.es\/wp-content\/uploads\/2021\/10\/Logo-3.png","width":148,"height":100,"caption":"Cideyeg"},"image":{"@id":"https:\/\/www.cideyeg.es\/#\/schema\/logo\/image\/"}}]}},"_links":{"self":[{"href":"https:\/\/www.cideyeg.es\/es\/wp-json\/wp\/v2\/pages\/24116"}],"collection":[{"href":"https:\/\/www.cideyeg.es\/es\/wp-json\/wp\/v2\/pages"}],"about":[{"href":"https:\/\/www.cideyeg.es\/es\/wp-json\/wp\/v2\/types\/page"}],"author":[{"embeddable":true,"href":"https:\/\/www.cideyeg.es\/es\/wp-json\/wp\/v2\/users\/3"}],"replies":[{"embeddable":true,"href":"https:\/\/www.cideyeg.es\/es\/wp-json\/wp\/v2\/comments?post=24116"}],"version-history":[{"count":0,"href":"https:\/\/www.cideyeg.es\/es\/wp-json\/wp\/v2\/pages\/24116\/revisions"}],"wp:attachment":[{"href":"https:\/\/www.cideyeg.es\/es\/wp-json\/wp\/v2\/media?parent=24116"}],"curies":[{"name":"wp","href":"https:\/\/api.w.org\/{rel}","templated":true}]}}