{"id":23565,"date":"2022-11-21T12:08:48","date_gmt":"2022-11-21T11:08:48","guid":{"rendered":"https:\/\/www.cideyeg.es\/politica-de-calidad-y-ambiental\/"},"modified":"2025-03-03T16:55:34","modified_gmt":"2025-03-03T15:55:34","slug":"politica-de-calidad-y-ambiental","status":"publish","type":"page","link":"https:\/\/www.cideyeg.es\/es\/politica-de-calidad-y-ambiental\/","title":{"rendered":"Pol\u00edtica de calidad y ambiental"},"content":{"rendered":"\t\t<div data-elementor-type=\"wp-page\" data-elementor-id=\"23565\" class=\"elementor elementor-23565 elementor-23528\">\n\t\t\t\t\t\t<section class=\"elementor-section elementor-top-section elementor-element elementor-element-2a3c180c elementor-section-boxed elementor-section-height-default elementor-section-height-default parallax_section_no qode_elementor_container_no\" data-id=\"2a3c180c\" data-element_type=\"section\">\n\t\t\t\t\t\t<div class=\"elementor-container elementor-column-gap-default\">\n\t\t\t\t\t<div class=\"elementor-column elementor-col-100 elementor-top-column elementor-element elementor-element-4ce01d82\" data-id=\"4ce01d82\" data-element_type=\"column\">\n\t\t\t<div class=\"elementor-widget-wrap elementor-element-populated\">\n\t\t\t\t\t\t<div class=\"elementor-element elementor-element-b3ec249 elementor-widget elementor-widget-text-editor\" data-id=\"b3ec249\" data-element_type=\"widget\" data-widget_type=\"text-editor.default\">\n\t\t\t\t<div class=\"elementor-widget-container\">\n\t\t\t<style>\/*! elementor - v3.20.0 - 11-03-2024 *\/\n.elementor-widget-text-editor.elementor-drop-cap-view-stacked .elementor-drop-cap{background-color:#69727d;color:#fff}.elementor-widget-text-editor.elementor-drop-cap-view-framed .elementor-drop-cap{color:#69727d;border:3px solid;background-color:transparent}.elementor-widget-text-editor:not(.elementor-drop-cap-view-default) .elementor-drop-cap{margin-top:8px}.elementor-widget-text-editor:not(.elementor-drop-cap-view-default) .elementor-drop-cap-letter{width:1em;height:1em}.elementor-widget-text-editor .elementor-drop-cap{float:left;text-align:center;line-height:1;font-size:50px}.elementor-widget-text-editor .elementor-drop-cap-letter{display:inline-block}<\/style>\t\t\t\t<h2>Pol\u00edtica de calidad y ambiental<\/h2>\n\t\t\t\t\t\t<\/div>\n\t\t\t\t<\/div>\n\t\t\t\t<div class=\"elementor-element elementor-element-1b7c756a elementor-widget elementor-widget-text-editor\" data-id=\"1b7c756a\" data-element_type=\"widget\" data-widget_type=\"text-editor.default\">\n\t\t\t\t<div class=\"elementor-widget-container\">\n\t\t\t\t\t\t\t<p><strong>CIDEYEG, S.A. <\/strong>\u00a0es una compa\u00f1\u00eda dedicada a la <strong>Producci\u00f3n de estuches, etiquetas, prospectos y envases de cart\u00f3n o pl\u00e1stico con impresi\u00f3n offset.<\/strong><\/p>\t\t\t\t\t\t<\/div>\n\t\t\t\t<\/div>\n\t\t\t\t<div class=\"elementor-element elementor-element-2edc8409 elementor-widget elementor-widget-text-editor\" data-id=\"2edc8409\" data-element_type=\"widget\" data-widget_type=\"text-editor.default\">\n\t\t\t\t<div class=\"elementor-widget-container\">\n\t\t\t\t\t\t\t<p>Nuestra <strong>visi\u00f3n<\/strong> es buscar la <strong>mejora continua de nuestros procesos<\/strong> con el fin de satisfacer las necesidades y expectativas de nuestros clientes, y la mejora de su desempe\u00f1o ambiental, comprometi\u00e9ndose a <strong>colaborar con la protecci\u00f3n del medio ambiente <\/strong>mediante una gesti\u00f3n eficaz de los residuos, la <strong>prevenci\u00f3n de la contaminaci\u00f3n<\/strong>, la reducci\u00f3n de nuestra huella de carbono y la aportaci\u00f3n a nuestros clientes de soluciones t\u00e9cnicas m\u00e1s respetuosas con el medio ambiente.<\/p>\t\t\t\t\t\t<\/div>\n\t\t\t\t<\/div>\n\t\t\t\t<div class=\"elementor-element elementor-element-78797142 elementor-widget elementor-widget-text-editor\" data-id=\"78797142\" data-element_type=\"widget\" data-widget_type=\"text-editor.default\">\n\t\t\t\t<div class=\"elementor-widget-container\">\n\t\t\t\t\t\t\t<p>Para que estas premisas se cumplan, contamos con la colaboraci\u00f3n todo el personal y debemos:<\/p>\t\t\t\t\t\t<\/div>\n\t\t\t\t<\/div>\n\t\t\t\t<div class=\"elementor-element elementor-element-22f7e6f1 elementor-widget elementor-widget-text-editor\" data-id=\"22f7e6f1\" data-element_type=\"widget\" data-widget_type=\"text-editor.default\">\n\t\t\t\t<div class=\"elementor-widget-container\">\n\t\t\t\t\t\t\t<ul><li>Conocer las necesidades, requisitos y expectativas de nuestros clientes, respetando los plazos de entrega y los niveles de calidad acordados.<\/li><li>Cumplir con los valores de FSC y PEFC, y con todas las normativas y requisitos legales aplicables a nuestra empresa, cumpliendo la legislaci\u00f3n laboral, asegurando que las condiciones de trabajo no ponen en peligro la seguridad o la salud de los trabajadores, la no utilizaci\u00f3n de mano de obra infantil, la eliminaci\u00f3n de todo trabajo forzoso u obligatorio, el aseguramiento de que no haya discriminaci\u00f3n en el empleo y la ocupaci\u00f3n, el respeto a la libertad sindical, y el derecho efectivo a la negociaci\u00f3n colectiva.<\/li><li>Seleccionar colaboradores que acepten el compromiso de buscar la mejora continua en los productos que nos suministran, realizando los seguimientos y controles que correspondan para cada uno de sus procesos, para alcanzar dicho compromiso.<\/li><li>Proteger el medio ambiente haciendo un uso racional de los recursos naturales, promoviendo su reducci\u00f3n y apostando por la utilizaci\u00f3n de materias primas y pr\u00e1cticas menos contaminantes, as\u00ed como realizando una ampliaci\u00f3n progresiva del uso de materiales FSC y PEFC.<\/li><li>Fomentar la profesionalidad y la implicaci\u00f3n del personal mediante la formaci\u00f3n y acciones de sensibilizaci\u00f3n.<\/li><\/ul>\t\t\t\t\t\t<\/div>\n\t\t\t\t<\/div>\n\t\t\t\t<div class=\"elementor-element elementor-element-aea5a41 elementor-widget elementor-widget-text-editor\" data-id=\"aea5a41\" data-element_type=\"widget\" data-widget_type=\"text-editor.default\">\n\t\t\t\t<div class=\"elementor-widget-container\">\n\t\t\t\t\t\t\t<p>Esta pol\u00edtica sirve como marco de referencia para el establecimiento de los objetivos de la organizaci\u00f3n, y es comunicada a todo el personal de <strong>CIDEYEG, S.A<\/strong>. estando disponible para todas las partes interesadas que la requieran.<\/p>\t\t\t\t\t\t<\/div>\n\t\t\t\t<\/div>\n\t\t\t\t<div class=\"elementor-element elementor-element-9aeed4e elementor-widget elementor-widget-text-editor\" data-id=\"9aeed4e\" data-element_type=\"widget\" data-widget_type=\"text-editor.default\">\n\t\t\t\t<div class=\"elementor-widget-container\">\n\t\t\t\t\t\t\t<p><em>Montse Vilanova<\/em><\/p><p><em>Direcci\u00f3n General de CIDEYEG, S.A.<\/em><\/p><p><em>17 de febrero de 2025<\/em><\/p>\t\t\t\t\t\t<\/div>\n\t\t\t\t<\/div>\n\t\t\t\t\t<\/div>\n\t\t<\/div>\n\t\t\t\t\t<\/div>\n\t\t<\/section>\n\t\t\t\t<\/div>\n\t\t","protected":false},"excerpt":{"rendered":"<p>Pol\u00edtica de calidad y ambiental CIDEYEG, S.A. \u00a0es una compa\u00f1\u00eda dedicada a la Producci\u00f3n de estuches, etiquetas, prospectos y envases de cart\u00f3n o pl\u00e1stico con impresi\u00f3n offset. Nuestra visi\u00f3n es buscar la mejora continua de nuestros procesos con el fin de satisfacer las necesidades y&#8230;<\/p>\n","protected":false},"author":1,"featured_media":0,"parent":0,"menu_order":0,"comment_status":"closed","ping_status":"closed","template":"","meta":{"_acf_changed":false,"footnotes":""},"acf":[],"yoast_head":"<!-- This site is optimized with the Yoast SEO plugin v22.2 - https:\/\/yoast.com\/wordpress\/plugins\/seo\/ -->\n<title>Pol\u00edtica de calidad y ambiental - Cideyeg<\/title>\n<meta name=\"robots\" content=\"index, follow, max-snippet:-1, max-image-preview:large, max-video-preview:-1\" \/>\n<link rel=\"canonical\" href=\"https:\/\/www.cideyeg.es\/es\/politica-de-calidad-y-ambiental\/\" \/>\n<meta property=\"og:locale\" content=\"es_ES\" \/>\n<meta property=\"og:type\" content=\"article\" \/>\n<meta property=\"og:title\" content=\"Pol\u00edtica de calidad y ambiental - Cideyeg\" \/>\n<meta property=\"og:description\" content=\"Pol\u00edtica de calidad y ambiental CIDEYEG, S.A. \u00a0es una compa\u00f1\u00eda dedicada a la Producci\u00f3n de estuches, etiquetas, prospectos y envases de cart\u00f3n o pl\u00e1stico con impresi\u00f3n offset. Nuestra visi\u00f3n es buscar la mejora continua de nuestros procesos con el fin de satisfacer las necesidades y...\" \/>\n<meta property=\"og:url\" content=\"https:\/\/www.cideyeg.es\/es\/politica-de-calidad-y-ambiental\/\" \/>\n<meta property=\"og:site_name\" content=\"Cideyeg\" \/>\n<meta property=\"article:modified_time\" content=\"2025-03-03T15:55:34+00:00\" \/>\n<meta name=\"twitter:card\" content=\"summary_large_image\" \/>\n<meta name=\"twitter:label1\" content=\"Tiempo de lectura\" \/>\n\t<meta name=\"twitter:data1\" content=\"2 minutos\" \/>\n<script type=\"application\/ld+json\" class=\"yoast-schema-graph\">{\"@context\":\"https:\/\/schema.org\",\"@graph\":[{\"@type\":\"WebPage\",\"@id\":\"https:\/\/www.cideyeg.es\/es\/politica-de-calidad-y-ambiental\/\",\"url\":\"https:\/\/www.cideyeg.es\/es\/politica-de-calidad-y-ambiental\/\",\"name\":\"Pol\u00edtica de calidad y ambiental - Cideyeg\",\"isPartOf\":{\"@id\":\"https:\/\/www.cideyeg.es\/#website\"},\"datePublished\":\"2022-11-21T11:08:48+00:00\",\"dateModified\":\"2025-03-03T15:55:34+00:00\",\"breadcrumb\":{\"@id\":\"https:\/\/www.cideyeg.es\/es\/politica-de-calidad-y-ambiental\/#breadcrumb\"},\"inLanguage\":\"es\",\"potentialAction\":[{\"@type\":\"ReadAction\",\"target\":[\"https:\/\/www.cideyeg.es\/es\/politica-de-calidad-y-ambiental\/\"]}]},{\"@type\":\"BreadcrumbList\",\"@id\":\"https:\/\/www.cideyeg.es\/es\/politica-de-calidad-y-ambiental\/#breadcrumb\",\"itemListElement\":[{\"@type\":\"ListItem\",\"position\":1,\"name\":\"Inici\",\"item\":\"https:\/\/www.cideyeg.es\/es\/\"},{\"@type\":\"ListItem\",\"position\":2,\"name\":\"Pol\u00edtica de calidad y ambiental\"}]},{\"@type\":\"WebSite\",\"@id\":\"https:\/\/www.cideyeg.es\/#website\",\"url\":\"https:\/\/www.cideyeg.es\/\",\"name\":\"Cideyeg\",\"description\":\"Vestim els teus productes\",\"publisher\":{\"@id\":\"https:\/\/www.cideyeg.es\/#organization\"},\"potentialAction\":[{\"@type\":\"SearchAction\",\"target\":{\"@type\":\"EntryPoint\",\"urlTemplate\":\"https:\/\/www.cideyeg.es\/?s={search_term_string}\"},\"query-input\":\"required name=search_term_string\"}],\"inLanguage\":\"es\"},{\"@type\":\"Organization\",\"@id\":\"https:\/\/www.cideyeg.es\/#organization\",\"name\":\"Cideyeg\",\"url\":\"https:\/\/www.cideyeg.es\/\",\"logo\":{\"@type\":\"ImageObject\",\"inLanguage\":\"es\",\"@id\":\"https:\/\/www.cideyeg.es\/#\/schema\/logo\/image\/\",\"url\":\"https:\/\/www.cideyeg.es\/wp-content\/uploads\/2021\/10\/Logo-3.png\",\"contentUrl\":\"https:\/\/www.cideyeg.es\/wp-content\/uploads\/2021\/10\/Logo-3.png\",\"width\":148,\"height\":100,\"caption\":\"Cideyeg\"},\"image\":{\"@id\":\"https:\/\/www.cideyeg.es\/#\/schema\/logo\/image\/\"}}]}<\/script>\n<!-- \/ Yoast SEO plugin. -->","yoast_head_json":{"title":"Pol\u00edtica de calidad y ambiental - Cideyeg","robots":{"index":"index","follow":"follow","max-snippet":"max-snippet:-1","max-image-preview":"max-image-preview:large","max-video-preview":"max-video-preview:-1"},"canonical":"https:\/\/www.cideyeg.es\/es\/politica-de-calidad-y-ambiental\/","og_locale":"es_ES","og_type":"article","og_title":"Pol\u00edtica de calidad y ambiental - Cideyeg","og_description":"Pol\u00edtica de calidad y ambiental CIDEYEG, S.A. \u00a0es una compa\u00f1\u00eda dedicada a la Producci\u00f3n de estuches, etiquetas, prospectos y envases de cart\u00f3n o pl\u00e1stico con impresi\u00f3n offset. Nuestra visi\u00f3n es buscar la mejora continua de nuestros procesos con el fin de satisfacer las necesidades y...","og_url":"https:\/\/www.cideyeg.es\/es\/politica-de-calidad-y-ambiental\/","og_site_name":"Cideyeg","article_modified_time":"2025-03-03T15:55:34+00:00","twitter_card":"summary_large_image","twitter_misc":{"Tiempo de lectura":"2 minutos"},"schema":{"@context":"https:\/\/schema.org","@graph":[{"@type":"WebPage","@id":"https:\/\/www.cideyeg.es\/es\/politica-de-calidad-y-ambiental\/","url":"https:\/\/www.cideyeg.es\/es\/politica-de-calidad-y-ambiental\/","name":"Pol\u00edtica de calidad y ambiental - Cideyeg","isPartOf":{"@id":"https:\/\/www.cideyeg.es\/#website"},"datePublished":"2022-11-21T11:08:48+00:00","dateModified":"2025-03-03T15:55:34+00:00","breadcrumb":{"@id":"https:\/\/www.cideyeg.es\/es\/politica-de-calidad-y-ambiental\/#breadcrumb"},"inLanguage":"es","potentialAction":[{"@type":"ReadAction","target":["https:\/\/www.cideyeg.es\/es\/politica-de-calidad-y-ambiental\/"]}]},{"@type":"BreadcrumbList","@id":"https:\/\/www.cideyeg.es\/es\/politica-de-calidad-y-ambiental\/#breadcrumb","itemListElement":[{"@type":"ListItem","position":1,"name":"Inici","item":"https:\/\/www.cideyeg.es\/es\/"},{"@type":"ListItem","position":2,"name":"Pol\u00edtica de calidad y ambiental"}]},{"@type":"WebSite","@id":"https:\/\/www.cideyeg.es\/#website","url":"https:\/\/www.cideyeg.es\/","name":"Cideyeg","description":"Vestim els teus productes","publisher":{"@id":"https:\/\/www.cideyeg.es\/#organization"},"potentialAction":[{"@type":"SearchAction","target":{"@type":"EntryPoint","urlTemplate":"https:\/\/www.cideyeg.es\/?s={search_term_string}"},"query-input":"required name=search_term_string"}],"inLanguage":"es"},{"@type":"Organization","@id":"https:\/\/www.cideyeg.es\/#organization","name":"Cideyeg","url":"https:\/\/www.cideyeg.es\/","logo":{"@type":"ImageObject","inLanguage":"es","@id":"https:\/\/www.cideyeg.es\/#\/schema\/logo\/image\/","url":"https:\/\/www.cideyeg.es\/wp-content\/uploads\/2021\/10\/Logo-3.png","contentUrl":"https:\/\/www.cideyeg.es\/wp-content\/uploads\/2021\/10\/Logo-3.png","width":148,"height":100,"caption":"Cideyeg"},"image":{"@id":"https:\/\/www.cideyeg.es\/#\/schema\/logo\/image\/"}}]}},"_links":{"self":[{"href":"https:\/\/www.cideyeg.es\/es\/wp-json\/wp\/v2\/pages\/23565"}],"collection":[{"href":"https:\/\/www.cideyeg.es\/es\/wp-json\/wp\/v2\/pages"}],"about":[{"href":"https:\/\/www.cideyeg.es\/es\/wp-json\/wp\/v2\/types\/page"}],"author":[{"embeddable":true,"href":"https:\/\/www.cideyeg.es\/es\/wp-json\/wp\/v2\/users\/1"}],"replies":[{"embeddable":true,"href":"https:\/\/www.cideyeg.es\/es\/wp-json\/wp\/v2\/comments?post=23565"}],"version-history":[{"count":5,"href":"https:\/\/www.cideyeg.es\/es\/wp-json\/wp\/v2\/pages\/23565\/revisions"}],"predecessor-version":[{"id":24946,"href":"https:\/\/www.cideyeg.es\/es\/wp-json\/wp\/v2\/pages\/23565\/revisions\/24946"}],"wp:attachment":[{"href":"https:\/\/www.cideyeg.es\/es\/wp-json\/wp\/v2\/media?parent=23565"}],"curies":[{"name":"wp","href":"https:\/\/api.w.org\/{rel}","templated":true}]}}